{"id":11,"date":"2024-01-30T17:48:00","date_gmt":"2024-01-30T15:48:00","guid":{"rendered":"http:\/\/papierdrachen.de\/wordpress1\/?page_id=11"},"modified":"2026-03-01T20:45:58","modified_gmt":"2026-03-01T18:45:58","slug":"volvo-cup","status":"publish","type":"page","link":"http:\/\/volvo-original.de\/?page_id=11","title":{"rendered":"Volvo Cup"},"content":{"rendered":"\n<p><\/p>\n\n\n\n<div class=\"wp-block-group\"><div class=\"wp-block-group__inner-container is-layout-constrained wp-block-group-is-layout-constrained\">\n<div class=\"wp-block-columns is-layout-flex wp-container-core-columns-is-layout-9d6595d7 wp-block-columns-is-layout-flex\">\n<div class=\"wp-block-column is-layout-flow wp-block-column-is-layout-flow\" style=\"flex-basis:100%\">\n<p><b> Volvo Original Cup 2026<\/b><\/p>\n<p>VOC Reglement 2026 &#8211; es gilt das <a href=\"wp-content\/pic\/data\/VOC_Reglement_2017.pdf\" target=\"_blank\" rel=\"noopener noreferrer\">Reglement 2017<\/a><\/p>\n<table border=\"0\" width=\"100%\" cellpadding=\"15\">\n<tbody>\n<tr>\n<td width=\"13%\">Datum<\/td>\n<td width=\"47%\">Veranstaltung<\/td>\n<td width=\"8%\">Status<\/td>\n<td width=\"32%\">im Internet<\/td>\n<\/tr>\n<tr>\n<td align=\"left\" valign=\"top\" bgcolor=\"#ffffcc\">07.03.2026<\/td>\n<td align=\"left\" valign=\"top\" bgcolor=\"#ffffcc\">ADMV-Rallye Lutherstadt Wittenberg<\/td>\n<td align=\"left\" valign=\"top\" bgcolor=\"#ffffcc\">R35<\/td>\n<td align=\"left\" valign=\"top\" bgcolor=\"#ffffcc\"><a href=\"http:\/\/msc-wittenberg.de\/\" target=\"_blank\" rel=\"noopener noreferrer\">Rallye Lutherstadt Wittenberg<\/a><\/td>\n<\/tr>\n<tr>\n<td align=\"left\" valign=\"top\" bgcolor=\"#ffffcc\">18.04.2026<\/td>\n<td align=\"left\" valign=\"top\" bgcolor=\"#ffffcc\">ADAC Roland Rallye, Nordhausen<\/td>\n<td align=\"left\" valign=\"top\" bgcolor=\"#ffffcc\">R70<\/td>\n<td align=\"left\" valign=\"top\" bgcolor=\"#ffffcc\"><a href=\"https:\/\/roland-rallye.de\/\" target=\"_blank\" rel=\"noopener noreferrer\">Roland-Rallye<\/a><\/td>\n\n<\/tr>\n<tr>\n<td align=\"left\" valign=\"top\" bgcolor=\"#ffffcc\">09.05.2026<\/td>\n<td align=\"left\" valign=\"top\" bgcolor=\"#ffffcc\">ADAC-RSG-Fontane Rallye, Neuruppin<\/td>\n<td align=\"left\" valign=\"top\" bgcolor=\"#ffffcc\">R35<\/td>\n<td align=\"left\" valign=\"top\" bgcolor=\"#ffffcc\"><a href=\"http:\/\/www.ruppiner-rennsportgemeinschaft.de\">Ruppiner Rennsportgemeinschaft<\/a><\/td>\n<\/tr>\n<tr>\n<td align=\"left\" valign=\"top\" bgcolor=\"#ffffcc\">?? \/ 07.2026<\/td>\n<td align=\"left\" valign=\"top\" bgcolor=\"#ffffcc\">ADAC- Rallye Bergring Teterow\u00a0<\/td>\n<td align=\"left\" valign=\"top\" bgcolor=\"#ffffcc\">R35<\/td>\n<td align=\"left\" valign=\"top\" bgcolor=\"#ffffcc\"><a href=\"https:\/\/bergring-teterow.de\">Bergring Teterow<\/a><\/td>\n<\/tr>\n<tr>\n<td align=\"left\" valign=\"top\" bgcolor=\"#ffffcc\">01.08.2026<\/td>\n<td align=\"left\" valign=\"top\" bgcolor=\"#ffffcc\">ADAC Holsten-Rallye<\/td>\n<td align=\"left\" valign=\"top\" bgcolor=\"#ffffcc\">R70<\/td>\n<td align=\"left\" valign=\"top\" bgcolor=\"#ffffcc\">\u00a0<\/td>\n<\/tr>\n<tr>\n<td align=\"left\" valign=\"top\" bgcolor=\"#ffffcc\">29.08.2026<\/td>\n<td align=\"left\" valign=\"top\" bgcolor=\"#ffffcc\">ADMV-Rallye Kurstadt Bad Schmiedeberg<\/td>\n<td align=\"left\" valign=\"top\" bgcolor=\"#ffffcc\">R70<\/td>\n<td align=\"left\" valign=\"top\" bgcolor=\"#ffffcc\"><a href=\"https:\/\/www.msc-badschmiedeberg.de\/admv-rallye-kurstadt-bad-schmiedeberg\/\" target=\"_blank\" rel=\"noopener noreferrer\">Rallye Bad Schmiedeberg<\/a><\/td>\n<\/tr>\n<tr>\n<td align=\"left\" valign=\"top\" bgcolor=\"#ffffcc\">17.10.2026<\/td>\n<td align=\"left\" valign=\"top\" bgcolor=\"#ffffcc\">PRS Havellandrallye<\/td>\n<td align=\"left\" valign=\"top\" bgcolor=\"#ffffcc\">R70<\/td>\n<td align=\"left\" valign=\"top\" bgcolor=\"#ffffcc\"><a href=\"http:\/\/www.prs-berlin.de\/\" target=\"_blank\" rel=\"noopener noreferrer\">Havellandrallye<\/a><\/td>\n<\/tr>\n<\/tbody>\n<\/table>\n<p>&nbsp;<\/p>\n<p>Es gilt nach wie vor das VOC-Reglement 2017 ab Seite 3: <a href=\"wp-content\/pic\/data\/VOC_Reglement_2017.pdf\" target=\"_blank\" rel=\"noopener noreferrer\">Reglement 2017<\/a><\/p>\n<hr \/>\n<p><img decoding=\"async\" src=\"wp-content\/pic\/2017\/OriginalCup242.jpg\" alt=\"242 Rallye\" \/><\/p>\n<p>Jochen Walther brachte 2001 den schwedischen Volvo Original Cup nach Deutschland. Interessant ist das strenge Reglement, was im wesentlichen auf dem Volvo der Baujahre ca. 1975 bis 1998 an sich fu\u00dft, wie er in der Serie gebaut wurde. Erlaubt sind im Volvo Cup heckgetriebene Volvo 240, 740 oder 940 ohne Sperre als Limousine &#8211; plus Rallye-Federn und Rallye- Sicherheitsausstattung. Die Fahrwerks-Feinabstimmung wird aus dem Serienmaterial gewonnen. F\u00fcr den Vortrieb ist eine 2.3 l Maschine von 115 bis 136 PS ohne Turbo am Werk. Sicherlich ist etwas Optimierung erlaubt, so dass bis zu 170 PS anliegen. So ist Rallye-Sport mit sicheren und unempfindlichen Autos m\u00f6glich. Durch das strenge VOC Reglement sind die Kosten f\u00fcr ein wettbewerbsf\u00e4higes Rallye-Auto \u00fcberschaubar. Zudem ist solch ein Volvo in der Wartung als unprobematisch anzusehen. Das Foto zeigt einen der seltenen Volvo 242.<\/p>\n<p><strong>Archiv:<\/strong><\/p>\n<p><strong>Volvo Cup 2017<\/strong> <a href=\"wp-content\/pic\/data\/VOC_Reglement_2017.pdf\" target=\"_blank\" rel=\"noopener noreferrer\">Reglement 2017<\/a><br \/><strong>Volvo Cup 2016<\/strong> <a href=\"wp-content\/pic\/data\/VOC_Reglement_2016.pdf\" target=\"_blank\" rel=\"noopener noreferrer\">Reglement 2016<\/a><br \/><strong>Volvo Cup 2015<\/strong> <a href=\"wp-content\/pic\/data\/VOC_Reglement_2015.pdf\" target=\"_blank\" rel=\"noopener noreferrer\">Reglement 2015<\/a><br \/><strong>Volvo Cup 2014<\/strong> <a href=\"wp-content\/pic\/data\/VOC_Reglement_2014.pdf\" target=\"_blank\" rel=\"noopener noreferrer\">Reglement 2014<\/a><br \/><strong>Volvo Cup 2013<\/strong> <a href=\"wp-content\/pic\/data\/VOC_Reglement_2013.pdf\" target=\"_blank\" rel=\"noopener noreferrer\">Reglement 2013<\/a><br \/><strong>Volvo Cup 2012<\/strong> <a href=\"wp-content\/pic\/data\/VOC_Reglement_2012.pdf\" target=\"_blank\" rel=\"noopener noreferrer\">Reglement 2012<\/a><br \/><strong>Volvo Cup 2011<\/strong> <a href=\"wp-content\/pic\/data\/VOC_Reglement_2011.pdf\" target=\"_blank\" rel=\"noopener noreferrer\">Reglement 2011<\/a><br \/><strong>Volvo Cup 2010<\/strong> <a href=\"wp-content\/pic\/data\/VOC_Reglement_2010.pdf\" target=\"_blank\" rel=\"noopener noreferrer\">Reglement 2010<\/a><br \/><strong>Volvo Cup 2009<\/strong> <a href=\"wp-content\/pic\/data\/VOC_Reglement_2009.pdf\" target=\"_blank\" rel=\"noopener noreferrer\">Reglement 2009<\/a><\/p>\n<\/div>\n<\/div>\n<\/div><\/div>\n","protected":false},"excerpt":{"rendered":"<p>Volvo Original Cup 2026 VOC Reglement 2026 &#8211; es gilt das Reglement 2017 Datum Veranstaltung Status im Internet 07.03.2026 ADMV-Rallye Lutherstadt Wittenberg R35 Rallye Lutherstadt Wittenberg 18.04.2026 ADAC Roland Rallye, Nordhausen R70 Roland-Rallye 09.05.2026 ADAC-RSG-Fontane Rallye, Neuruppin R35 Ruppiner Rennsportgemeinschaft ?? \/ 07.2026 ADAC- Rallye Bergring Teterow\u00a0 R35 Bergring Teterow 01.08.2026 ADAC Holsten-Rallye R70 \u00a0 [&hellip;]<\/p>\n","protected":false},"author":79,"featured_media":0,"parent":0,"menu_order":1,"comment_status":"closed","ping_status":"closed","template":"","meta":{"footnotes":""},"class_list":["post-11","page","type-page","status-publish","hentry"],"_links":{"self":[{"href":"http:\/\/volvo-original.de\/index.php?rest_route=\/wp\/v2\/pages\/11","targetHints":{"allow":["GET"]}}],"collection":[{"href":"http:\/\/volvo-original.de\/index.php?rest_route=\/wp\/v2\/pages"}],"about":[{"href":"http:\/\/volvo-original.de\/index.php?rest_route=\/wp\/v2\/types\/page"}],"author":[{"embeddable":true,"href":"http:\/\/volvo-original.de\/index.php?rest_route=\/wp\/v2\/users\/79"}],"replies":[{"embeddable":true,"href":"http:\/\/volvo-original.de\/index.php?rest_route=%2Fwp%2Fv2%2Fcomments&post=11"}],"version-history":[{"count":10,"href":"http:\/\/volvo-original.de\/index.php?rest_route=\/wp\/v2\/pages\/11\/revisions"}],"predecessor-version":[{"id":1884,"href":"http:\/\/volvo-original.de\/index.php?rest_route=\/wp\/v2\/pages\/11\/revisions\/1884"}],"wp:attachment":[{"href":"http:\/\/volvo-original.de\/index.php?rest_route=%2Fwp%2Fv2%2Fmedia&parent=11"}],"curies":[{"name":"wp","href":"https:\/\/api.w.org\/{rel}","templated":true}]}}