{"id":12,"date":"2008-05-15T08:36:23","date_gmt":"2008-05-15T06:36:23","guid":{"rendered":"http:\/\/papierdrachen.de\/wordpress1\/?page_id=12"},"modified":"2022-01-20T20:34:53","modified_gmt":"2022-01-20T18:34:53","slug":"impressum","status":"publish","type":"page","link":"http:\/\/volvo-original.de\/?page_id=12","title":{"rendered":"Impressum, Datenschutzerkl\u00e4rung"},"content":{"rendered":"<p>Datenschutzerkl\u00e4rung<\/p>\n<p>1. Allgemeine Hinweise und Pflichtinformationen<br \/>\nDatenschutz<br \/>\nWir behandeln Ihre personenbezogenen Daten vertraulich und entsprechend der gesetzlichen Datenschutzvorschriften sowie dieser Datenschutzerkl\u00e4rung.<br \/>\nWenn Sie diese Website benutzen, werden verschiedene personenbezogene Daten erhoben. Personenbezogene Daten sind Daten, mit denen Sie pers\u00f6nlich identifiziert werden k\u00f6nnen. Die vorliegende Datenschutzerkl\u00e4rung erl\u00e4utert, welche Daten wir erheben, wie wir sie erheben und wof\u00fcr wir sie nutzen.<br \/>\nWir weisen darauf hin, dass die Daten\u00fcbertragung im Internet (z.B. bei der Kommunikation per E-Mail) Sicherheitsl\u00fccken aufweisen kann. Ein l\u00fcckenloser Schutz der Daten vor dem Zugriff durch Dritte ist nicht m\u00f6glich.<br \/>\nDie verantwortliche Stelle f\u00fcr die Datenverarbeitung auf dieser Website ist:<br \/>\nVolvo Original Cup Deutschland<br \/>\nwird vertreten durch<br \/>\nJochen Walther<br \/>\nRostocker Strasse 23<br \/>\n18239 Hohen luckow<br \/>\nTelefon: 038 &#8211; 295 7650<br \/>\nE-Mail: gut(bei)guthohenluckow.de<br \/>\nVerantwortlich f\u00fcr das Webdesign:<br \/>\nA.C. Frese, Mittelweg 3, 29690 Essel, E-Mail: mail(bei)volvo-original.de<br \/>\nVerantwortliche Stelle ist die nat\u00fcrliche oder juristische Person, die allein oder gemeinsam mit anderen \u00fcber die Zwecke und Mittel der Verarbeitung von personenbezogenen Daten (z.B. Namen, E-Mail-Adressen o. \u00e4.) entscheidet.<\/p>\n<p>Widerruf Ihrer Einwilligung zur Datenverarbeitung<br \/>\nViele Datenverarbeitungsvorg\u00e4nge sind nur mit ihrer ausdr\u00fccklichen Einwilligung m\u00f6glich. Sie k\u00f6nnen eine bereits erteilte Einwilligung jederzeit widerrufen. Dazu reicht eine formlose Mitteilung per E-Mail an uns. Die Rechtm\u00e4\u00dfigkeit der bis zum Widerruf erfolgten Datenverarbeitung bleibt vom Widerruf unber\u00fchrt.<\/p>\n<p>Recht auf Daten\u00fcbertragbarkeit<br \/>\nSie haben das Recht, Daten, die wir auf Grundlage Ihrer Einwilligung oder in Erf\u00fcllung eines Vertrags automatisiert verarbeiten, an sich oder an einen Dritten in einem g\u00e4ngigen, maschinenlesbaren Format aush\u00e4ndigen zu lassen. Sofern Sie die direkte \u00dcbertragung der Daten an einen anderen Verantwortlichen verlangen, erfolgt dies nur, soweit es technisch machbar ist.<\/p>\n<p>Auskunft, Sperrung, L\u00f6schung<br \/>\nSie haben im Rahmen der geltenden gesetzlichen Bestimmungen jederzeit das Recht auf unentgeltliche Auskunft \u00fcber Ihre gespeicherten personenbezogenen Daten, deren Herkunft und Empf\u00e4nger und den Zweck der Datenverarbeitung und ggf. ein Recht auf Berichtigung, Sperrung oder L\u00f6schung dieser Daten.<\/p>\n<p>2. Datenerfassung auf unserer Website<br \/>\nServer-Log-Dateien<br \/>\nDer Provider der Seiten erhebt und speichert automatisch Informationen in so genannten Server-Log-Dateien, die ihr Browser automatisch an uns \u00fcbermittelt. Dies sind:<br \/>\nBrowsertyp und Browserversion<br \/>\nverwendetes Betriebssystem<br \/>\nReferrer-URL<br \/>\nHostname des zugreifenden Rechners<br \/>\nUhrzeit der Serveranfrage<br \/>\nIP-Adresse<br \/>\nEine Zusammenf\u00fchrung dieser Daten mit anderen Datenquellen wird nicht vorgenommen.<br \/>\nCookies<br \/>\nF\u00fcr die optimale Nutzung aller Funktionen unseres Internetangebotes unserer Website verwenden wir sogenannte Cookies, die ausschlie\u00dflich im Rahmen der Standard-Einstellungen des hinterlegten CMS (hier WordPress) verwendetet werden k\u00f6nnten &#8211; mit deren Hilfe beim Aufruf unserer Website Daten auf Ihrem Rechner gespeichert werden k\u00f6nnen. Dabei haben Sie die M\u00f6glichkeit, die Speicherung dieser Cookies mittels Einstellung in Ihrem Browser zu verhindern.<\/p>\n<p>Rechtsgrundlage der Datenverarbeitung<br \/>\nGrundlage f\u00fcr die Datenverarbeitung ist Art. 6 Abs. 1 Buchstabe F DSGVO, der die Verarbeitung von Daten zur Erf\u00fcllung eines Vertrags oder vorvertraglicher Ma\u00dfnahmen gestattet.<\/p>\n<p><strong>Kontakt<\/strong><\/p>\n<p>Volvo Original Cup Deutschland wird vertreten durch<br \/>\nJochen Walther, Rostocker Strasse 23, 18239 Hohen Luckow<br \/>\nmail(bei)volvo-original.de<\/p>\n<p>Webdesign<br \/>\nA.C.Frese, mail (bei) volvo-original.de<\/p>\n<p><strong>Hyperlinks zu anderen Internet-Seiten<\/strong><br \/>\nDiese Internet-Seiten beinhalten Hyperlinks zu Internet-Seiten Dritter. Es tragen die jeweiligen<br \/>\nAnbieter die Verantwortung. Wir \u00fcbernehmen keinerlei Haftung.<br \/>\nWir suchen Internet-Seiten, auf die wir per Hyperlink verweisen nat\u00fcrlich sorgf\u00e4ltig aus,<br \/>\naber die diesbez\u00fcglich immer noch sehr unsichere Gesetzlage macht diesen Hinweis leider<br \/>\nunumg\u00e4nglich.<\/p>\n<p><strong>Nutzung dieser Internet-Seiten<\/strong><br \/>\nDie Nutzung dieser Internet-Seiten (www.volvo-original.de) sind unter Einhaltung folgender<br \/>\nBedingungen gestattet: A.C.Frese erstellt diese Internet-Seiten<br \/>\ninklusive aller darin enthaltenen Informationen und Grafiken zu Ihrer<br \/>\nInformationsgewinnung. Die Weitergabe oder die kommerzielle<br \/>\nNutzung aller oder einzelner Bestandteile dieser Internet-Seiten ist nicht gestattet.<\/p>\n<p><strong>Impressum<\/strong><br \/>\nInhaltlich Verantwortlicher gem\u00e4\u00df \u00a7 10 Absatz 3 MDStV:<br \/>\nA.C.Frese, Mittelweg 3, 29690 Essel, Aller<\/p>\n","protected":false},"excerpt":{"rendered":"<p>Datenschutzerkl\u00e4rung 1. Allgemeine Hinweise und Pflichtinformationen Datenschutz Wir behandeln Ihre personenbezogenen Daten vertraulich und entsprechend der gesetzlichen Datenschutzvorschriften sowie dieser Datenschutzerkl\u00e4rung. Wenn Sie diese Website benutzen, werden verschiedene personenbezogene Daten erhoben. Personenbezogene Daten sind Daten, mit denen Sie pers\u00f6nlich identifiziert werden k\u00f6nnen. Die vorliegende Datenschutzerkl\u00e4rung erl\u00e4utert, welche Daten wir erheben, wie wir sie erheben und [&hellip;]<\/p>\n","protected":false},"author":79,"featured_media":0,"parent":0,"menu_order":8,"comment_status":"closed","ping_status":"closed","template":"","meta":{"footnotes":""},"class_list":["post-12","page","type-page","status-publish","hentry"],"_links":{"self":[{"href":"http:\/\/volvo-original.de\/index.php?rest_route=\/wp\/v2\/pages\/12","targetHints":{"allow":["GET"]}}],"collection":[{"href":"http:\/\/volvo-original.de\/index.php?rest_route=\/wp\/v2\/pages"}],"about":[{"href":"http:\/\/volvo-original.de\/index.php?rest_route=\/wp\/v2\/types\/page"}],"author":[{"embeddable":true,"href":"http:\/\/volvo-original.de\/index.php?rest_route=\/wp\/v2\/users\/79"}],"replies":[{"embeddable":true,"href":"http:\/\/volvo-original.de\/index.php?rest_route=%2Fwp%2Fv2%2Fcomments&post=12"}],"version-history":[{"count":11,"href":"http:\/\/volvo-original.de\/index.php?rest_route=\/wp\/v2\/pages\/12\/revisions"}],"predecessor-version":[{"id":1606,"href":"http:\/\/volvo-original.de\/index.php?rest_route=\/wp\/v2\/pages\/12\/revisions\/1606"}],"wp:attachment":[{"href":"http:\/\/volvo-original.de\/index.php?rest_route=%2Fwp%2Fv2%2Fmedia&parent=12"}],"curies":[{"name":"wp","href":"https:\/\/api.w.org\/{rel}","templated":true}]}}