{"id":9,"date":"2008-05-15T08:28:35","date_gmt":"2008-05-15T06:28:35","guid":{"rendered":"http:\/\/papierdrachen.de\/wordpress1\/?page_id=9"},"modified":"2013-01-05T19:28:50","modified_gmt":"2013-01-05T17:28:50","slug":"teams","status":"publish","type":"page","link":"http:\/\/volvo-original.de\/?page_id=9","title":{"rendered":"Teams"},"content":{"rendered":"<table hight=\"350\" background=\"wp-content\/pic\/teams\/kno01g.jpg\" border=\"0\" cellpadding=\"0\" width=\"595\">\n<tr>\n<td align=\"center\" valign=\"top\"><img decoding=\"async\" src=\"wp-content\/pic\/teams\/kno.jpg\" hight=\"140\" width=\"590\" \/><\/td>\n<\/tr>\n<tr>\n<td valign=\"top\"><strong>Philipp Knof und Mike Dohms<\/strong> W\u00fclfrath \/ Olfen<\/p>\n<p>Philipp: Motorsport seit 1997, 2009 Auftakt im Volvo als Junior<br \/>\nPhilipp nennt Jochen Walther und Rainer Keck als seine Vorbilder<\/p>\n<p>Mike: dabei seit 2005, vormals mit Jan Henrich unterwegs<\/p>\n<p>Der Volvo: 940 GL, Bj. 1991<\/p>\n<p>VOC Vice 2009<br \/>\n\n<\/td>\n<\/tr>\n<\/table>\n<table hight=\"350\" background=\"wp-content\/pic\/teams\/hof01g.jpg\" border=\"0\" cellpadding=\"0\" width=\"595\">\n<tr>\n<td align=\"center\" valign=\"top\"><img decoding=\"async\" src=\"wp-content\/pic\/teams\/hof.jpg\" hight=\"140\" width=\"590\" \/><\/td>\n<\/tr>\n<tr>\n<td valign=\"top\"><strong>Arne Hoffmeister und Sebastian Amosse<\/strong> Lutter \/ Velber<\/p>\n<p>Arne und Sebastian starteten 2009 in ihre erste Rallye-Saison als Junioren im Volvo<\/p>\n<p>Der Volvo: 940<\/p>\n<p>Sponsoren: Skandix, Rechtsanwalt Holger Nagel Fachanwalt f\u00fcr Verkehrsrecht<br \/>\n\n<\/td>\n<\/tr>\n<\/table>\n<table hight=\"350\" background=\"wp-content\/pic\/teams\/hal01g.jpg\" border=\"0\" cellpadding=\"0\" width=\"595\">\n<tr>\n<td align=\"center\" valign=\"top\"><img decoding=\"async\" src=\"wp-content\/pic\/teams\/hal.jpg\" hight=\"140\" width=\"590\" \/><\/td>\n<\/tr>\n<tr>\n<td valign=\"top\"><strong>Stefan Haberland und Alexander F\u00e4rber<\/strong> Miesbach<\/p>\n<p>Motorsport seit 2010<\/p>\n<p>Motto: zu alt f\u00fcr die Junioren &#8211; zu jung um mit dem Rallye fahren nicht noch anzufangen.<br \/>\n<br \/>\nDer Volvo: 940, Bj. 1991<\/p>\n<p>\n<\/td>\n<\/tr>\n<\/table>\n<table hight=\"350\" background=\"wp-content\/pic\/teams\/nol01g.jpg\" border=\"0\" cellpadding=\"0\" width=\"595\">\n<tr>\n<td align=\"center\" valign=\"top\"><img decoding=\"async\" src=\"wp-content\/pic\/teams\/nol.jpg\" hight=\"140\" width=\"590\" \/><\/td>\n<\/tr>\n<tr>\n<td valign=\"top\"><strong>J\u00fcrgen Noll und Benjamin Kerker<\/strong> G\u00fctersloh<\/p>\n<p>J\u00fcrgen: Motorsport seit 1980, 80er Polo Cup<\/p>\n<p>Benjamin: Motorsport seit 2008, 2. Newcomer Cup HLC 2009<\/p>\n<p>Der Volvo: 740, Bj. 1988<\/p>\n<p>\n<\/td>\n<\/tr>\n<\/table>\n<table hight=\"350\" background=\"wp-content\/pic\/teams\/loe01g.jpg\" border=\"0\" cellpadding=\"0\" width=\"595\">\n<tr>\n<td align=\"center\" valign=\"top\"><img decoding=\"async\" src=\"wp-content\/pic\/teams\/loe.jpg\" hight=\"140\" width=\"590\" \/><\/td>\n<\/tr>\n<tr>\n<td valign=\"top\"><strong>Werner L\u00f6seke und Wolfgang Kruse<\/strong> Salzkotten \/ Olpe<\/p>\n<p>Werner: Motorsport seit 1980<\/p>\n<p>Wolfgang: dabei seit 2009<\/p>\n<p>\n<br \/>\nVolvo seit 2008<br \/>\n\n<\/p>\n<\/td>\n<\/tr>\n<\/table>\n<table hight=\"350\" background=\"wp-content\/pic\/teams\/smi01g.jpg\" border=\"0\" cellpadding=\"0\" width=\"595\">\n<tr>\n<td align=\"center\" valign=\"top\"><img decoding=\"async\" src=\"wp-content\/pic\/teams\/smi.jpg\" hight=\"140\" width=\"590\" \/><\/td>\n<\/tr>\n<tr>\n<td valign=\"top\"><strong>Ralf Schmidt und Benjamin Schmidt<\/strong> irgendwo bei Hildesheim<\/p>\n<p>Ralf: Motorsport schon fr\u00fcher, Sieger VOC Wertung Siegerland 2009<\/p>\n<p>Benjamin: Motorsport seit 2009<\/p>\n<p>Der Volvo: 740, vormals Kn\u00f6bel<\/p>\n<p>Volvo seit 2009<br \/>\n\n<\/td>\n<\/tr>\n<\/table>\n<table hight=\"350\" background=\"wp-content\/pic\/teams\/may01g.jpg\" border=\"0\" cellpadding=\"0\" width=\"595\">\n<tr>\n<td align=\"center\" valign=\"top\"><img decoding=\"async\" src=\"wp-content\/pic\/teams\/may.jpg\" hight=\"140\" width=\"590\" \/><\/td>\n<\/tr>\n<tr>\n<td valign=\"top\"><strong>Siggi Mayr und Renate Mayr<\/strong> Todtenweis OT Bach<br \/>\nSiggi u. Renate fahren Rallye seit 1985. Zun\u00e4chst mit einem Saab 99Gli.<br \/>\n1986 die &#8222;Drei St\u00e4dte Rallye&#8220; mit einem Saab 99 Turbo, 1987 deutsche Rallyetroph\u00e4e. <br \/>\n1988-90 Rallye DM im Rahmen des Peugeot 205 GTI Cup und 1990 erster Einsatz bei der<br \/>\n1000 Seen Rallye.<br \/>\nAb 1992 mit einem Opel Kadett Gsi, Opel Astra Gsi und Suzuki Swift Gti verschiedene WM und EM L\u00e4ufe und immer die 1000 Seen. 2000 bis heute vermehrt Eins\u00e4tze national. Volvo seit 2005<br \/>\nMotto: &#8222;Hauptsache Spa\u00df &#8211; je Schotter desto Spa\u00df.&#8220;<br \/>\n<a href=\"http:\/\/www.diemayrs.de\/\" target=\"blank\">www.diemayrs.de<\/a><\/td>\n<\/tr>\n<\/table>\n<table hight=\"350\" background=\"wp-content\/pic\/teams\/higru_fri_2010.jpg\" border=\"0\" cellpadding=\"0\" width=\"595\">\n<tr>\n<td align=\"center\" valign=\"top\"><img decoding=\"async\" src=\"wp-content\/pic\/teams\/fri_2010.jpg\" hight=\"140\" width=\"590\" \/><\/td>\n<\/tr>\n<tr>\n<td valign=\"top\"><strong>Hagen Fritsch und Martin Luthardt<\/strong> Cursdorf \/ Neuhaus a.Rwg.<br \/>\nHagen: 1992-94 Kartsport und drei Automobilslalom.<br \/>\nMartin: 1978-87 Rallyesport als Pilot und Co-Pilot auf Trabant 601.<\/p>\n<p>Hagen u. Martin: Volvo Original Cup seit 2006. <\/p>\n<p>Der alte Volvo: 244, Bj. 1980. Sein Name war &#8222;Knut-Inge&#8220;. Der neue Volvo&#8230; sein Name ist &#8222;Knut-Inge&#8220;. <\/td>\n<\/tr>\n<\/table>\n<table hight=\"350\" background=\"wp-content\/pic\/teams\/leu01g.jpg\" border=\"0\" cellpadding=\"0\" width=\"595\">\n<tr>\n<td align=\"center\" valign=\"top\"><img decoding=\"async\" src=\"wp-content\/pic\/teams\/leu.jpg\" hight=\"140\" width=\"590\" \/><\/td>\n<\/tr>\n<tr>\n<td valign=\"top\"><strong>Andreas Leue und Bianca Lustig<\/strong>  Sch\u00f6neiche \/ Bielefeld<br \/>\nAndreas u. Bianca fahren seit 2010 gemeinsam Rallye<br \/>\nSieger VOC 2011, 2009, Vice Nordic West Euro Cup 2009, Sieger VOC 2006, Sieger VOC-Rooky 2005<br \/>\nDer Volvo: 740, Bj. 1985<\/p>\n<p>Motto: Gemeinsam sind wir jung und nehmen den Fu\u00df nicht vom Gas.<br \/>\nSponsoren: Skandix, Foliatec<br \/>\n<a href=\"http:\/\/www.rallyeinfo.de\/\"target=\"blank\">www.rallyeinfo.de<\/a><\/td>\n<\/tr>\n<\/table>\n<table hight=\"350\" background=\"wp-content\/pic\/teams\/fre01g.jpg\" border=\"0\" cellpadding=\"0\" width=\"595\">\n<tr>\n<td align=\"center\" valign=\"top\"><img decoding=\"async\" src=\"wp-content\/pic\/teams\/fre.jpg\" hight=\"140\" width=\"590\" \/><\/td>\n<\/tr>\n<tr>\n<td valign=\"top\"><strong>Anja C. Frese und Martin Ritschel<\/strong>  Essel \/ Langenberg<br \/>\nAnja: 2004 ein paar Clubslalom und Rallye seit Wittenberg 2005. <br \/>\nMartin: erste Start als Co zur Wedemark 2011.<\/p>\n<p>Der Volvo: 244 GLT, Bj. 1984, 2.3l 136PS, Serie, 10. Jahr im Rallye-Einsatz.<\/p>\n<p>Sponsoren: <a href=\"http:\/\/www.houseofwhiskey.de\/\" target=\"blank\">House of Whiskey<\/a><br \/>\n<a href=\"http:\/\/www.papierdrachen.de\/\" target=\"blank\">www.papierdrachen.de<\/a><\/td>\n<\/tr>\n<\/table>\n<table hight=\"350\" background=\"wp-content\/pic\/teams\/hom01g.jpg\" border=\"0\" cellpadding=\"0\" width=\"595\">\n<tr>\n<td align=\"center\" valign=\"top\"><img decoding=\"async\" src=\"wp-content\/pic\/teams\/hom.jpg\" hight=\"140\" width=\"590\" \/><\/td>\n<\/tr>\n<tr>\n<td valign=\"top\"><strong>Matthias Homuth und Matthias Jung<\/strong> Salzkotten \/ Oberveischede<br \/>\nMatthias Homuth f\u00e4hrt Rallye seit 2003 u. Matthias Jung seit 2001.<br \/>\nMatthias Homuth startete 2003 und 2004 im Opel Kadett E GSi 2l, 8 Ventiler, Gruppe G<br \/>\nseit 2005 Volvo, zun\u00e4chst mit einem 242, 2006 mit einem 244 GLT<br \/>\nauf die Frage hin, was die beiden in der WP erleben: beide lachen und<br \/>\nerz\u00e4hlen von einer Tauchtour in einem Matschloch, so gro\u00df, dass der Volvo angenehm reinpasste<br \/>\nund reden von B\u00e4umen, die ab und an geknutscht werden wollten.<br \/>\nSieger VOC-Newcomer 2005 &#8211; Trip nach Mantorp, Schweden.<br \/>\nMotto: &#8222;&#8230; richtig oder gar nicht.&#8220;<\/td>\n<\/tr>\n<\/table>\n<table hight=\"350\" background=\"wp-content\/pic\/teams\/tew01g.jpg\" border=\"0\" cellpadding=\"0\" width=\"595\">\n<tr>\n<td align=\"center\" valign=\"top\"><img decoding=\"async\" src=\"wp-content\/pic\/teams\/tew.jpg\" hight=\"140\" width=\"590\" \/><\/td>\n<\/tr>\n<tr>\n<td valign=\"top\"><strong>Manfred Tews und David Tews<\/strong> Bergisch-Gladbach<\/p>\n<p>Manfred fuhr bereits 1978-1982 Rallye. David ist seit 2005 dabei.<br \/>\nfr\u00fcher: Audi 80, zB Hunsr\u00fcck Rallye 1981 und Eins\u00e4tze als Co.<br \/>\n<br \/>\nDer Volvo: 244 GLT &#8211; Ein Siegerauto: Warstein 2005 Gesamtsieg Bierparadies mit Rainer Keck<\/td>\n<\/tr>\n<\/table>\n<table hight=\"350\" background=\"wp-content\/pic\/teams\/pri01g.jpg\" border=\"0\" cellpadding=\"0\" width=\"595\">\n<tr>\n<td align=\"center\" valign=\"top\"><img decoding=\"async\" src=\"wp-content\/pic\/teams\/pri.jpg\" hight=\"140\" width=\"590\" \/><\/td>\n<\/tr>\n<tr>\n<td valign=\"top\"><strong>Matthias Prillwitz und Jeanette Ziehmann<\/strong> Berlin \/ Michendorf<br \/>\nMatthias f\u00e4hrt Rallye seit 1998<br \/>\nfr\u00fcher: Opel Corsa, Seat Ibiza Cupra, VW Polo GTI<br \/>\nADAC Rookie Sieg 2001 | 4. Platz ADAC Rallye Junior Cup 2002 und 2003 | 8. Platz Euro Finale VW Polo Challenge |<br \/>\n2. Platz Rallye WM Lauf Deutschland 2003 | DMSB Rallye Pokal Sieger 2005 Ost &#8211; 3. Gesamt<\/p>\n<p>Sponsoren: Skandix, Car Color<br \/>\n<a href=\"http:\/\/www.rallyeinfo.de\/\" target=\"blank\">www.rallyeinfo.de<\/a><\/td>\n<\/tr>\n<\/table>\n<table hight=\"350\" background=\"wp-content\/pic\/teams\/kan01g.jpg\" border=\"0\" cellpadding=\"0\" width=\"595\">\n<tr>\n<td align=\"center\" valign=\"top\"><img decoding=\"async\" src=\"wp-content\/pic\/teams\/kan.jpg\" hight=\"140\" width=\"590\" \/><\/td>\n<\/tr>\n<tr>\n<td valign=\"top\"><strong>Lazar Kan und Falkmar Platz<\/strong> Berlin \/ Hamburg<br \/>\nLazar f\u00e4hrt Rallye seit 2005.seit 2006 Volvo und zuvor: Alfa Romeo, BMW 318is, Suzuki Swift Sport<br \/>\nSieger Rookie Wertung Volvo Cup 2006<br \/>\nSponsoren: Skandix, Car Color, NK Autohandel<br \/>\n<a href=\"http:\/\/www.lazar-kan.de\" taget=\"blank\">www.lazar-kan.de<\/a><\/td>\n<\/tr>\n<\/table>\n<table hight=\"350\" background=\"wp-content\/pic\/teams\/klotz01g.jpg\" border=\"0\" cellpadding=\"0\" width=\"595\">\n<tr>\n<td align=\"center\" valign=\"top\"><img decoding=\"async\" src=\"wp-content\/pic\/teams\/klotz.jpg\" hight=\"140\" width=\"590\" \/><\/td>\n<\/tr>\n<tr>\n<td valign=\"top\"><strong>Michael Klotz und Christoph Eichhorner<\/strong> Seefeld (Tirol) \/ M\u00fcnster (Tirol)<br \/>\nMichael u. Christoph fahren Rallye seit 1993.2001-2003 diverse Rallyes in Italien im Skoda Favorit Gr. A<br \/>\n2004 div. Rallyes im Skoda Favorit A5 in \u00c3-sterreich Rallyechallenge:<br \/>\nTriestingtal Rallye, M\u00fchlviertel Rallye, Rallye Sprint, Herbst Rallye Leiben, Waldviertel Rallye (drei 1. Pl\u00e4tze, ein 2. Platz A5, ein Ausfall)<br \/>\n2005 M\u00fchlviertel Rallye mit angemieteten Renault Clio (2. Platz N3)<br \/>\n2006 Volvo Original Cup in \u00c3-sterreich und ein paar Eins\u00e4tze in Deutschland im Volvo 940<br \/>\n<a href=\"http:\/\/www.eist.at\/volvooriginal\/\" target=\"blank\">www.eist.at\/volvooriginal\/<\/a><\/td>\n<\/tr>\n<\/table>\n<table hight=\"350\" background=\"wp-content\/pic\/teams\/knoe01g.jpg\" border=\"0\" cellpadding=\"0\" width=\"595\">\n<tr>\n<td align=\"center\" valign=\"top\"><img decoding=\"async\" src=\"wp-content\/pic\/teams\/knoe.jpg\" hight=\"140\" width=\"590\" \/><\/td>\n<\/tr>\n<tr>\n<td valign=\"top\"><strong>Holger Kn\u00f6bel und Stefanie Fritzensmeier<\/strong> Rheda-Wiedenbr\u00fcck<br \/>\nHolger f\u00e4hrt Rallye seit 1994 u. Stefanie seit 2001. Seit 2003 im Volvo 244 GLT; seit 2006 im Volvo 744<br \/>\nfr\u00fcher: Golf2 Gruppe N, Golf2 Gruppe H, Polo, Golf4VW Sport Trophy 2000, 4. Platz von 52 Teilnehmern | Sieger Junior Cup 2001 |<br \/>\nDeutsche Meisterschaft 2002, 8. Platz | Sieger VOC 2005<br \/>\nHolger u. Stefanie sind oft im europ\u00e4ischen Ausland im Einsatz<br \/>\nsei es Schweden, Ungarn, Niederlande, etc.<br \/>\nMotto: &#8222;Maximum Attack.&#8220;<br \/>\nSponsoren: Heggemann, Fahrschule Sasse, Castrol<\/td>\n<\/tr>\n<\/table>\n<table hight=\"350\" background=\"wp-content\/pic\/teams\/mei01g.jpg\" border=\"0\" cellpadding=\"0\" width=\"595\">\n<tr>\n<td align=\"center\" valign=\"top\"><img decoding=\"async\" src=\"wp-content\/pic\/teams\/mei.jpg\" hight=\"140\" width=\"590\" \/><\/td>\n<\/tr>\n<tr>\n<td valign=\"top\"><strong>J\u00f6rg Steffensmeier<\/strong>  Rheda-Wiedenbr\u00fcck<br \/>\nJ\u00f6rg f\u00e4hrt Rallye seit 1994.zun\u00e4chst im Golf2 mit Holger Kn\u00f6bel, dann im Golf1 als Fahrer.<br \/>\nVolvo seit 2001<br \/>\nDie Volvos: 244 GT, zuvor 244 GLT. Ein 244 ist derzeit im Aufbau.<br \/>\nMotto: &#8222;Weil es Spa\u00df macht und immer f\u00fcr die Zuschauer.&#8220;<br \/>\nSponsoren: Fahrschule Sasse, Rheda-Wiedenbr\u00fcck<\/td>\n<\/tr>\n<\/table>\n<table hight=\"350\" background=\"wp-content\/pic\/teams\/cla01g.jpg\" border=\"0\" cellpadding=\"0\" width=\"595\">\n<tr>\n<td align=\"center\" valign=\"top\"><img decoding=\"async\" src=\"wp-content\/pic\/teams\/cla.jpg\" hight=\"140\" width=\"590\" \/><\/td>\n<\/tr>\n<tr>\n<td valign=\"top\"><strong>Volker Clasen<\/strong>  Elsdorf-Hatzte <br \/>\nVolker f\u00e4hrt Rallye seit 1988. <br \/>\nVolker bewegte fr\u00fcher diese Autos: Escort2, Escort MKII, Ford RS2000,<br \/>\nFord Sierra 2.0 iS und einen Ford Merkur XR4ti<br \/>\nseit 2002 Volvo 244<br \/>\n3. Platz Hamburger Rallyemeisterschaft 1990 | 6. Platz Norddeutsche Meisterschaft 1991 |<br \/>\n7. Platz Nordic West Euro Cup 2006<br \/>\nMotto: &#8222;&#8230; Schotter ist \u00fcberall, man muss nur wollen.&#8220; und &#8222;&#8230; todgesagte Volvos leben l\u00e4nger.&#8220;<br \/>\n(Anm. d. Red.: &#8230; bei 4 Totalsch\u00e4den durchaus ein Argument.)<br \/>\nSponsoren: Castrol, Sachs<\/td>\n<\/tr>\n<\/table>\n<table hight=\"350\" background=\"wp-content\/pic\/teams\/hen01g.jpg\" border=\"0\" cellpadding=\"0\" width=\"595\">\n<tr>\n<td align=\"center\" valign=\"top\"><img decoding=\"async\" src=\"wp-content\/pic\/teams\/hen.jpg\" hight=\"140\" width=\"590\" \/><\/td>\n<\/tr>\n<tr>\n<td valign=\"top\"><strong>Jan C. Henrich und Mike Dohms<\/strong>  Castrop-Rauxel \/ Olfen<br \/>\nJan f\u00e4hrt lange Rallye. Mike ist seit 2005 dabei.<br \/>\nseit 2002 im Volvo 242, Bj 1975fr\u00fcher: Manta und Escort<br \/>\nAuf die Frage was unterwegs so passieren kann, antwortet Jan lachend: naja, da f\u00e4llt schon mal eine Strassenlaterne um; Gravelland 2005.<br \/>\n&#8230; und k\u00fcrzlich, Siegerland 2006, war tief im Wald versteckt die Panzersperre im Weg.<br \/>\nMotto: &#8222;Du darfst Dein Auto nicht lieben.&#8220;<\/td>\n<\/tr>\n<\/table>\n<table hight=\"350\" background=\"wp-content\/pic\/teams\/kec01g.jpg\" border=\"0\" cellpadding=\"0\" width=\"595\">\n<tr>\n<td align=\"center\" valign=\"top\"><img decoding=\"async\" src=\"wp-content\/pic\/teams\/kec.jpg\" hight=\"140\" width=\"590\" \/><\/td>\n<\/tr>\n<tr>\n<td valign=\"top\"><strong>Rainer Keck und Kay Treder<\/strong> Olfen \/ Timmendorfer Strand<br \/>\nRainer f\u00e4hrt Rallye seit 1984 und seit 2002 im Volvo 244 GLT<br \/>\n2006 im Volvo 740 GL (Zitat: GL wie ganz langsam)<br \/>\nmanchmal f\u00e4hrt er auch Opel Kadett C<br \/>\nfr\u00fcher: Escort, Lancia Integrale, Toyota AE 86 und Celica GT4. Sieger Toyota Corolla Trophy 1987.<br \/>\nMotto: Spa\u00df<\/td>\n<\/tr>\n<\/table>\n<p>Die Fotos sind u.A. zur Verf\u00fcgung gestellt von Cornell Hache, Christian Kuhr, u.v.m.<\/p>\n","protected":false},"excerpt":{"rendered":"<p>Philipp Knof und Mike Dohms W\u00fclfrath \/ Olfen Philipp: Motorsport seit 1997, 2009 Auftakt im Volvo als Junior Philipp nennt Jochen Walther und Rainer Keck als seine Vorbilder Mike: dabei seit 2005, vormals mit Jan Henrich unterwegs Der Volvo: 940 GL, Bj. 1991 VOC Vice 2009 Arne Hoffmeister und Sebastian Amosse Lutter \/ Velber Arne [&hellip;]<\/p>\n","protected":false},"author":79,"featured_media":0,"parent":0,"menu_order":4,"comment_status":"closed","ping_status":"closed","template":"","meta":{"footnotes":""},"class_list":["post-9","page","type-page","status-publish","hentry"],"_links":{"self":[{"href":"http:\/\/volvo-original.de\/index.php?rest_route=\/wp\/v2\/pages\/9","targetHints":{"allow":["GET"]}}],"collection":[{"href":"http:\/\/volvo-original.de\/index.php?rest_route=\/wp\/v2\/pages"}],"about":[{"href":"http:\/\/volvo-original.de\/index.php?rest_route=\/wp\/v2\/types\/page"}],"author":[{"embeddable":true,"href":"http:\/\/volvo-original.de\/index.php?rest_route=\/wp\/v2\/users\/79"}],"replies":[{"embeddable":true,"href":"http:\/\/volvo-original.de\/index.php?rest_route=%2Fwp%2Fv2%2Fcomments&post=9"}],"version-history":[{"count":17,"href":"http:\/\/volvo-original.de\/index.php?rest_route=\/wp\/v2\/pages\/9\/revisions"}],"predecessor-version":[{"id":621,"href":"http:\/\/volvo-original.de\/index.php?rest_route=\/wp\/v2\/pages\/9\/revisions\/621"}],"wp:attachment":[{"href":"http:\/\/volvo-original.de\/index.php?rest_route=%2Fwp%2Fv2%2Fmedia&parent=9"}],"curies":[{"name":"wp","href":"https:\/\/api.w.org\/{rel}","templated":true}]}}